{"id":2548,"date":"2023-10-25T20:11:54","date_gmt":"2023-10-26T01:11:54","guid":{"rendered":"https:\/\/icazalaw.com\/areas-de-practica\/immigration-and-naturalization\/"},"modified":"2025-10-03T15:06:49","modified_gmt":"2025-10-03T20:06:49","slug":"migracion-y-naturalizacion","status":"publish","type":"page","link":"https:\/\/icazalaw.com\/es\/areas-de-practica\/migracion-y-naturalizacion\/","title":{"rendered":"Migraci\u00f3n y Naturalizaci\u00f3n"},"content":{"rendered":"","protected":false},"excerpt":{"rendered":"","protected":false},"author":1,"featured_media":0,"parent":2505,"menu_order":0,"comment_status":"closed","ping_status":"closed","template":"","meta":{"_joinchat":[],"footnotes":""},"class_list":["post-2548","page","type-page","status-publish","hentry"],"yoast_head":"<!-- This site is optimized with the Yoast SEO Premium plugin v27.2 (Yoast SEO v27.3) - https:\/\/yoast.com\/product\/yoast-seo-premium-wordpress\/ -->\n<title>Migraci\u00f3n y Naturalizaci\u00f3n - Icaza, Gonz\u00e1lez-Ruiz &amp; Alem\u00e1n<\/title>\n<meta name=\"robots\" content=\"index, follow, max-snippet:-1, max-image-preview:large, max-video-preview:-1\" \/>\n<link rel=\"canonical\" href=\"https:\/\/icazalaw.com\/es\/areas-de-practica\/migracion-y-naturalizacion\/\" \/>\n<meta property=\"og:locale\" content=\"es_ES\" \/>\n<meta property=\"og:type\" content=\"article\" \/>\n<meta property=\"og:title\" content=\"Migraci\u00f3n y Naturalizaci\u00f3n\" \/>\n<meta property=\"og:url\" content=\"https:\/\/icazalaw.com\/es\/areas-de-practica\/migracion-y-naturalizacion\/\" \/>\n<meta property=\"og:site_name\" content=\"Icaza, Gonz\u00e1lez-Ruiz &amp; Alem\u00e1n\" \/>\n<meta property=\"article:modified_time\" content=\"2025-10-03T20:06:49+00:00\" \/>\n<meta name=\"twitter:card\" content=\"summary_large_image\" \/>\n<script type=\"application\/ld+json\" class=\"yoast-schema-graph\">{\"@context\":\"https:\\\/\\\/schema.org\",\"@graph\":[{\"@type\":\"WebPage\",\"@id\":\"https:\\\/\\\/icazalaw.com\\\/es\\\/areas-de-practica\\\/migracion-y-naturalizacion\\\/\",\"url\":\"https:\\\/\\\/icazalaw.com\\\/es\\\/areas-de-practica\\\/migracion-y-naturalizacion\\\/\",\"name\":\"Migraci\u00f3n y Naturalizaci\u00f3n - Icaza, Gonz\u00e1lez-Ruiz &amp; Alem\u00e1n\",\"isPartOf\":{\"@id\":\"https:\\\/\\\/icazalaw.com\\\/es\\\/#website\"},\"datePublished\":\"2023-10-26T01:11:54+00:00\",\"dateModified\":\"2025-10-03T20:06:49+00:00\",\"breadcrumb\":{\"@id\":\"https:\\\/\\\/icazalaw.com\\\/es\\\/areas-de-practica\\\/migracion-y-naturalizacion\\\/#breadcrumb\"},\"inLanguage\":\"es\",\"potentialAction\":[{\"@type\":\"ReadAction\",\"target\":[\"https:\\\/\\\/icazalaw.com\\\/es\\\/areas-de-practica\\\/migracion-y-naturalizacion\\\/\"]}]},{\"@type\":\"BreadcrumbList\",\"@id\":\"https:\\\/\\\/icazalaw.com\\\/es\\\/areas-de-practica\\\/migracion-y-naturalizacion\\\/#breadcrumb\",\"itemListElement\":[{\"@type\":\"ListItem\",\"position\":1,\"name\":\"Home\",\"item\":\"https:\\\/\\\/icazalaw.com\\\/es\\\/\"},{\"@type\":\"ListItem\",\"position\":2,\"name\":\"Soluciones Legales\",\"item\":\"https:\\\/\\\/icazalaw.com\\\/es\\\/areas-de-practica\\\/\"},{\"@type\":\"ListItem\",\"position\":3,\"name\":\"Migraci\u00f3n y Naturalizaci\u00f3n\"}]},{\"@type\":\"WebSite\",\"@id\":\"https:\\\/\\\/icazalaw.com\\\/es\\\/#website\",\"url\":\"https:\\\/\\\/icazalaw.com\\\/es\\\/\",\"name\":\"Icaza, Gonz\u00e1lez-Ruiz &amp; Alem\u00e1n\",\"description\":\"Full-service law firm providing practical legal solutions to corporate and private clients worldwide.\",\"alternateName\":\"IGRA Attorneys\",\"potentialAction\":[{\"@type\":\"SearchAction\",\"target\":{\"@type\":\"EntryPoint\",\"urlTemplate\":\"https:\\\/\\\/icazalaw.com\\\/es\\\/?s={search_term_string}\"},\"query-input\":{\"@type\":\"PropertyValueSpecification\",\"valueRequired\":true,\"valueName\":\"search_term_string\"}}],\"inLanguage\":\"es\"}]}<\/script>\n<!-- \/ Yoast SEO Premium plugin. -->","yoast_head_json":{"title":"Migraci\u00f3n y Naturalizaci\u00f3n - Icaza, Gonz\u00e1lez-Ruiz &amp; Alem\u00e1n","robots":{"index":"index","follow":"follow","max-snippet":"max-snippet:-1","max-image-preview":"max-image-preview:large","max-video-preview":"max-video-preview:-1"},"canonical":"https:\/\/icazalaw.com\/es\/areas-de-practica\/migracion-y-naturalizacion\/","og_locale":"es_ES","og_type":"article","og_title":"Migraci\u00f3n y Naturalizaci\u00f3n","og_url":"https:\/\/icazalaw.com\/es\/areas-de-practica\/migracion-y-naturalizacion\/","og_site_name":"Icaza, Gonz\u00e1lez-Ruiz &amp; Alem\u00e1n","article_modified_time":"2025-10-03T20:06:49+00:00","twitter_card":"summary_large_image","schema":{"@context":"https:\/\/schema.org","@graph":[{"@type":"WebPage","@id":"https:\/\/icazalaw.com\/es\/areas-de-practica\/migracion-y-naturalizacion\/","url":"https:\/\/icazalaw.com\/es\/areas-de-practica\/migracion-y-naturalizacion\/","name":"Migraci\u00f3n y Naturalizaci\u00f3n - Icaza, Gonz\u00e1lez-Ruiz &amp; Alem\u00e1n","isPartOf":{"@id":"https:\/\/icazalaw.com\/es\/#website"},"datePublished":"2023-10-26T01:11:54+00:00","dateModified":"2025-10-03T20:06:49+00:00","breadcrumb":{"@id":"https:\/\/icazalaw.com\/es\/areas-de-practica\/migracion-y-naturalizacion\/#breadcrumb"},"inLanguage":"es","potentialAction":[{"@type":"ReadAction","target":["https:\/\/icazalaw.com\/es\/areas-de-practica\/migracion-y-naturalizacion\/"]}]},{"@type":"BreadcrumbList","@id":"https:\/\/icazalaw.com\/es\/areas-de-practica\/migracion-y-naturalizacion\/#breadcrumb","itemListElement":[{"@type":"ListItem","position":1,"name":"Home","item":"https:\/\/icazalaw.com\/es\/"},{"@type":"ListItem","position":2,"name":"Soluciones Legales","item":"https:\/\/icazalaw.com\/es\/areas-de-practica\/"},{"@type":"ListItem","position":3,"name":"Migraci\u00f3n y Naturalizaci\u00f3n"}]},{"@type":"WebSite","@id":"https:\/\/icazalaw.com\/es\/#website","url":"https:\/\/icazalaw.com\/es\/","name":"Icaza, Gonz\u00e1lez-Ruiz &amp; Alem\u00e1n","description":"Full-service law firm providing practical legal solutions to corporate and private clients worldwide.","alternateName":"IGRA Attorneys","potentialAction":[{"@type":"SearchAction","target":{"@type":"EntryPoint","urlTemplate":"https:\/\/icazalaw.com\/es\/?s={search_term_string}"},"query-input":{"@type":"PropertyValueSpecification","valueRequired":true,"valueName":"search_term_string"}}],"inLanguage":"es"}]}},"_links":{"self":[{"href":"https:\/\/icazalaw.com\/es\/wp-json\/wp\/v2\/pages\/2548","targetHints":{"allow":["GET"]}}],"collection":[{"href":"https:\/\/icazalaw.com\/es\/wp-json\/wp\/v2\/pages"}],"about":[{"href":"https:\/\/icazalaw.com\/es\/wp-json\/wp\/v2\/types\/page"}],"author":[{"embeddable":true,"href":"https:\/\/icazalaw.com\/es\/wp-json\/wp\/v2\/users\/1"}],"replies":[{"embeddable":true,"href":"https:\/\/icazalaw.com\/es\/wp-json\/wp\/v2\/comments?post=2548"}],"version-history":[{"count":1,"href":"https:\/\/icazalaw.com\/es\/wp-json\/wp\/v2\/pages\/2548\/revisions"}],"predecessor-version":[{"id":25633,"href":"https:\/\/icazalaw.com\/es\/wp-json\/wp\/v2\/pages\/2548\/revisions\/25633"}],"up":[{"embeddable":true,"href":"https:\/\/icazalaw.com\/es\/wp-json\/wp\/v2\/pages\/2505"}],"wp:attachment":[{"href":"https:\/\/icazalaw.com\/es\/wp-json\/wp\/v2\/media?parent=2548"}],"curies":[{"name":"wp","href":"https:\/\/api.w.org\/{rel}","templated":true}]}}