{"id":2620,"date":"2023-10-24T21:10:42","date_gmt":"2023-10-25T02:10:42","guid":{"rendered":"https:\/\/icazalaw.com\/adolfo-a-gonzalez-ruiz-arias\/"},"modified":"2025-10-30T12:14:04","modified_gmt":"2025-10-30T17:14:04","slug":"adolfo-a-gonzalez-ruiz-arias","status":"publish","type":"page","link":"https:\/\/icazalaw.com\/es\/expertos\/adolfo-a-gonzalez-ruiz-arias\/","title":{"rendered":"Adolfo A. Gonz\u00e1lez-Ruiz Arias"},"content":{"rendered":"","protected":false},"excerpt":{"rendered":"","protected":false},"author":1,"featured_media":0,"parent":2621,"menu_order":0,"comment_status":"closed","ping_status":"closed","template":"","meta":{"_joinchat":[],"footnotes":""},"class_list":["post-2620","page","type-page","status-publish","hentry"],"yoast_head":"<!-- This site is optimized with the Yoast SEO Premium plugin v27.2 (Yoast SEO v27.3) - https:\/\/yoast.com\/product\/yoast-seo-premium-wordpress\/ -->\n<title>Adolfo A. Gonz\u00e1lez-Ruiz Arias - Icaza, Gonz\u00e1lez-Ruiz &amp; Alem\u00e1n<\/title>\n<meta name=\"description\" content=\"Adolfo Gonz\u00e1lez-Ruiz es Asociado de Icaza, Gonz\u00e1lez-Ruiz &amp; Alem\u00e1n desde el 2017, especializado en Derecho Corporativo, Contrataci\u00f3n P\u00fablica\" \/>\n<meta name=\"robots\" content=\"index, follow, max-snippet:-1, max-image-preview:large, max-video-preview:-1\" \/>\n<link rel=\"canonical\" href=\"https:\/\/icazalaw.com\/es\/expertos\/adolfo-a-gonzalez-ruiz-arias\/\" \/>\n<meta property=\"og:locale\" content=\"es_ES\" \/>\n<meta property=\"og:type\" content=\"article\" \/>\n<meta property=\"og:title\" content=\"Adolfo A. Gonz\u00e1lez-Ruiz Arias\" \/>\n<meta property=\"og:description\" content=\"Adolfo Gonz\u00e1lez-Ruiz es Asociado de Icaza, Gonz\u00e1lez-Ruiz &amp; Alem\u00e1n desde el 2017, especializado en Derecho Corporativo, Contrataci\u00f3n P\u00fablica\" \/>\n<meta property=\"og:url\" content=\"https:\/\/icazalaw.com\/es\/expertos\/adolfo-a-gonzalez-ruiz-arias\/\" \/>\n<meta property=\"og:site_name\" content=\"Icaza, Gonz\u00e1lez-Ruiz &amp; Alem\u00e1n\" \/>\n<meta property=\"article:modified_time\" content=\"2025-10-30T17:14:04+00:00\" \/>\n<meta name=\"twitter:card\" content=\"summary_large_image\" \/>\n<meta name=\"twitter:label1\" content=\"Tiempo de lectura\" \/>\n\t<meta name=\"twitter:data1\" content=\"1 minuto\" \/>\n<script type=\"application\/ld+json\" class=\"yoast-schema-graph\">{\"@context\":\"https:\\\/\\\/schema.org\",\"@graph\":[{\"@type\":\"WebPage\",\"@id\":\"https:\\\/\\\/icazalaw.com\\\/es\\\/expertos\\\/adolfo-a-gonzalez-ruiz-arias\\\/\",\"url\":\"https:\\\/\\\/icazalaw.com\\\/es\\\/expertos\\\/adolfo-a-gonzalez-ruiz-arias\\\/\",\"name\":\"Adolfo A. Gonz\u00e1lez-Ruiz Arias - Icaza, Gonz\u00e1lez-Ruiz &amp; Alem\u00e1n\",\"isPartOf\":{\"@id\":\"https:\\\/\\\/icazalaw.com\\\/es\\\/#website\"},\"datePublished\":\"2023-10-25T02:10:42+00:00\",\"dateModified\":\"2025-10-30T17:14:04+00:00\",\"description\":\"Adolfo Gonz\u00e1lez-Ruiz es Asociado de Icaza, Gonz\u00e1lez-Ruiz & Alem\u00e1n desde el 2017, especializado en Derecho Corporativo, Contrataci\u00f3n P\u00fablica\",\"breadcrumb\":{\"@id\":\"https:\\\/\\\/icazalaw.com\\\/es\\\/expertos\\\/adolfo-a-gonzalez-ruiz-arias\\\/#breadcrumb\"},\"inLanguage\":\"es\",\"potentialAction\":[{\"@type\":\"ReadAction\",\"target\":[\"https:\\\/\\\/icazalaw.com\\\/es\\\/expertos\\\/adolfo-a-gonzalez-ruiz-arias\\\/\"]}]},{\"@type\":\"BreadcrumbList\",\"@id\":\"https:\\\/\\\/icazalaw.com\\\/es\\\/expertos\\\/adolfo-a-gonzalez-ruiz-arias\\\/#breadcrumb\",\"itemListElement\":[{\"@type\":\"ListItem\",\"position\":1,\"name\":\"Home\",\"item\":\"https:\\\/\\\/icazalaw.com\\\/es\\\/\"},{\"@type\":\"ListItem\",\"position\":2,\"name\":\"Expertos\",\"item\":\"https:\\\/\\\/icazalaw.com\\\/es\\\/our-experts\\\/\"},{\"@type\":\"ListItem\",\"position\":3,\"name\":\"Adolfo A. Gonz\u00e1lez-Ruiz Arias\"}]},{\"@type\":\"WebSite\",\"@id\":\"https:\\\/\\\/icazalaw.com\\\/es\\\/#website\",\"url\":\"https:\\\/\\\/icazalaw.com\\\/es\\\/\",\"name\":\"Icaza, Gonz\u00e1lez-Ruiz &amp; Alem\u00e1n\",\"description\":\"Full-service law firm providing practical legal solutions to corporate and private clients worldwide.\",\"alternateName\":\"IGRA Attorneys\",\"potentialAction\":[{\"@type\":\"SearchAction\",\"target\":{\"@type\":\"EntryPoint\",\"urlTemplate\":\"https:\\\/\\\/icazalaw.com\\\/es\\\/?s={search_term_string}\"},\"query-input\":{\"@type\":\"PropertyValueSpecification\",\"valueRequired\":true,\"valueName\":\"search_term_string\"}}],\"inLanguage\":\"es\"}]}<\/script>\n<!-- \/ Yoast SEO Premium plugin. -->","yoast_head_json":{"title":"Adolfo A. Gonz\u00e1lez-Ruiz Arias - Icaza, Gonz\u00e1lez-Ruiz &amp; Alem\u00e1n","description":"Adolfo Gonz\u00e1lez-Ruiz es Asociado de Icaza, Gonz\u00e1lez-Ruiz & Alem\u00e1n desde el 2017, especializado en Derecho Corporativo, Contrataci\u00f3n P\u00fablica","robots":{"index":"index","follow":"follow","max-snippet":"max-snippet:-1","max-image-preview":"max-image-preview:large","max-video-preview":"max-video-preview:-1"},"canonical":"https:\/\/icazalaw.com\/es\/expertos\/adolfo-a-gonzalez-ruiz-arias\/","og_locale":"es_ES","og_type":"article","og_title":"Adolfo A. Gonz\u00e1lez-Ruiz Arias","og_description":"Adolfo Gonz\u00e1lez-Ruiz es Asociado de Icaza, Gonz\u00e1lez-Ruiz & Alem\u00e1n desde el 2017, especializado en Derecho Corporativo, Contrataci\u00f3n P\u00fablica","og_url":"https:\/\/icazalaw.com\/es\/expertos\/adolfo-a-gonzalez-ruiz-arias\/","og_site_name":"Icaza, Gonz\u00e1lez-Ruiz &amp; Alem\u00e1n","article_modified_time":"2025-10-30T17:14:04+00:00","twitter_card":"summary_large_image","twitter_misc":{"Tiempo de lectura":"1 minuto"},"schema":{"@context":"https:\/\/schema.org","@graph":[{"@type":"WebPage","@id":"https:\/\/icazalaw.com\/es\/expertos\/adolfo-a-gonzalez-ruiz-arias\/","url":"https:\/\/icazalaw.com\/es\/expertos\/adolfo-a-gonzalez-ruiz-arias\/","name":"Adolfo A. Gonz\u00e1lez-Ruiz Arias - Icaza, Gonz\u00e1lez-Ruiz &amp; Alem\u00e1n","isPartOf":{"@id":"https:\/\/icazalaw.com\/es\/#website"},"datePublished":"2023-10-25T02:10:42+00:00","dateModified":"2025-10-30T17:14:04+00:00","description":"Adolfo Gonz\u00e1lez-Ruiz es Asociado de Icaza, Gonz\u00e1lez-Ruiz & Alem\u00e1n desde el 2017, especializado en Derecho Corporativo, Contrataci\u00f3n P\u00fablica","breadcrumb":{"@id":"https:\/\/icazalaw.com\/es\/expertos\/adolfo-a-gonzalez-ruiz-arias\/#breadcrumb"},"inLanguage":"es","potentialAction":[{"@type":"ReadAction","target":["https:\/\/icazalaw.com\/es\/expertos\/adolfo-a-gonzalez-ruiz-arias\/"]}]},{"@type":"BreadcrumbList","@id":"https:\/\/icazalaw.com\/es\/expertos\/adolfo-a-gonzalez-ruiz-arias\/#breadcrumb","itemListElement":[{"@type":"ListItem","position":1,"name":"Home","item":"https:\/\/icazalaw.com\/es\/"},{"@type":"ListItem","position":2,"name":"Expertos","item":"https:\/\/icazalaw.com\/es\/our-experts\/"},{"@type":"ListItem","position":3,"name":"Adolfo A. Gonz\u00e1lez-Ruiz Arias"}]},{"@type":"WebSite","@id":"https:\/\/icazalaw.com\/es\/#website","url":"https:\/\/icazalaw.com\/es\/","name":"Icaza, Gonz\u00e1lez-Ruiz &amp; Alem\u00e1n","description":"Full-service law firm providing practical legal solutions to corporate and private clients worldwide.","alternateName":"IGRA Attorneys","potentialAction":[{"@type":"SearchAction","target":{"@type":"EntryPoint","urlTemplate":"https:\/\/icazalaw.com\/es\/?s={search_term_string}"},"query-input":{"@type":"PropertyValueSpecification","valueRequired":true,"valueName":"search_term_string"}}],"inLanguage":"es"}]}},"_links":{"self":[{"href":"https:\/\/icazalaw.com\/es\/wp-json\/wp\/v2\/pages\/2620","targetHints":{"allow":["GET"]}}],"collection":[{"href":"https:\/\/icazalaw.com\/es\/wp-json\/wp\/v2\/pages"}],"about":[{"href":"https:\/\/icazalaw.com\/es\/wp-json\/wp\/v2\/types\/page"}],"author":[{"embeddable":true,"href":"https:\/\/icazalaw.com\/es\/wp-json\/wp\/v2\/users\/1"}],"replies":[{"embeddable":true,"href":"https:\/\/icazalaw.com\/es\/wp-json\/wp\/v2\/comments?post=2620"}],"version-history":[{"count":1,"href":"https:\/\/icazalaw.com\/es\/wp-json\/wp\/v2\/pages\/2620\/revisions"}],"predecessor-version":[{"id":26372,"href":"https:\/\/icazalaw.com\/es\/wp-json\/wp\/v2\/pages\/2620\/revisions\/26372"}],"up":[{"embeddable":true,"href":"https:\/\/icazalaw.com\/es\/wp-json\/wp\/v2\/pages\/2621"}],"wp:attachment":[{"href":"https:\/\/icazalaw.com\/es\/wp-json\/wp\/v2\/media?parent=2620"}],"curies":[{"name":"wp","href":"https:\/\/api.w.org\/{rel}","templated":true}]}}