{"id":2652,"date":"2023-10-14T19:12:06","date_gmt":"2023-10-15T00:12:06","guid":{"rendered":"https:\/\/icazalaw.com\/expertos\/domingo-a-diaz-s\/"},"modified":"2025-10-30T11:19:51","modified_gmt":"2025-10-30T16:19:51","slug":"domingo-a-diaz-s","status":"publish","type":"page","link":"https:\/\/icazalaw.com\/es\/expertos\/domingo-a-diaz-s\/","title":{"rendered":"Domingo A. D\u00edaz S."},"content":{"rendered":"","protected":false},"excerpt":{"rendered":"","protected":false},"author":1,"featured_media":0,"parent":2621,"menu_order":0,"comment_status":"closed","ping_status":"closed","template":"","meta":{"_joinchat":[],"footnotes":""},"class_list":["post-2652","page","type-page","status-publish","hentry"],"yoast_head":"<!-- This site is optimized with the Yoast SEO Premium plugin v27.2 (Yoast SEO v27.3) - https:\/\/yoast.com\/product\/yoast-seo-premium-wordpress\/ -->\n<title>Domingo A. D\u00edaz S. - Icaza, Gonz\u00e1lez-Ruiz &amp; Alem\u00e1n<\/title>\n<meta name=\"description\" content=\"Domingo A. D\u00edaz S. es socio de Icaza, Gonz\u00e1lez-Ruiz &amp; Alem\u00e1n. Se especializa en Derecho Bancario, Derecho Corporativo...\" \/>\n<meta name=\"robots\" content=\"index, follow, max-snippet:-1, max-image-preview:large, max-video-preview:-1\" \/>\n<link rel=\"canonical\" href=\"https:\/\/icazalaw.com\/es\/expertos\/domingo-a-diaz-s\/\" \/>\n<meta property=\"og:locale\" content=\"es_ES\" \/>\n<meta property=\"og:type\" content=\"article\" \/>\n<meta property=\"og:title\" content=\"Domingo A. D\u00edaz S.\" \/>\n<meta property=\"og:description\" content=\"Domingo A. D\u00edaz S. es socio de Icaza, Gonz\u00e1lez-Ruiz &amp; Alem\u00e1n. Se especializa en Derecho Bancario, Derecho Corporativo...\" \/>\n<meta property=\"og:url\" content=\"https:\/\/icazalaw.com\/es\/expertos\/domingo-a-diaz-s\/\" \/>\n<meta property=\"og:site_name\" content=\"Icaza, Gonz\u00e1lez-Ruiz &amp; Alem\u00e1n\" \/>\n<meta property=\"article:modified_time\" content=\"2025-10-30T16:19:51+00:00\" \/>\n<meta name=\"twitter:card\" content=\"summary_large_image\" \/>\n<script type=\"application\/ld+json\" class=\"yoast-schema-graph\">{\"@context\":\"https:\\\/\\\/schema.org\",\"@graph\":[{\"@type\":\"WebPage\",\"@id\":\"https:\\\/\\\/icazalaw.com\\\/es\\\/expertos\\\/domingo-a-diaz-s\\\/\",\"url\":\"https:\\\/\\\/icazalaw.com\\\/es\\\/expertos\\\/domingo-a-diaz-s\\\/\",\"name\":\"Domingo A. D\u00edaz S. - Icaza, Gonz\u00e1lez-Ruiz &amp; Alem\u00e1n\",\"isPartOf\":{\"@id\":\"https:\\\/\\\/icazalaw.com\\\/es\\\/#website\"},\"datePublished\":\"2023-10-15T00:12:06+00:00\",\"dateModified\":\"2025-10-30T16:19:51+00:00\",\"description\":\"Domingo A. D\u00edaz S. es socio de Icaza, Gonz\u00e1lez-Ruiz & Alem\u00e1n. Se especializa en Derecho Bancario, Derecho Corporativo...\",\"breadcrumb\":{\"@id\":\"https:\\\/\\\/icazalaw.com\\\/es\\\/expertos\\\/domingo-a-diaz-s\\\/#breadcrumb\"},\"inLanguage\":\"es\",\"potentialAction\":[{\"@type\":\"ReadAction\",\"target\":[\"https:\\\/\\\/icazalaw.com\\\/es\\\/expertos\\\/domingo-a-diaz-s\\\/\"]}]},{\"@type\":\"BreadcrumbList\",\"@id\":\"https:\\\/\\\/icazalaw.com\\\/es\\\/expertos\\\/domingo-a-diaz-s\\\/#breadcrumb\",\"itemListElement\":[{\"@type\":\"ListItem\",\"position\":1,\"name\":\"Home\",\"item\":\"https:\\\/\\\/icazalaw.com\\\/es\\\/\"},{\"@type\":\"ListItem\",\"position\":2,\"name\":\"Expertos\",\"item\":\"https:\\\/\\\/icazalaw.com\\\/es\\\/our-experts\\\/\"},{\"@type\":\"ListItem\",\"position\":3,\"name\":\"Domingo A. D\u00edaz S.\"}]},{\"@type\":\"WebSite\",\"@id\":\"https:\\\/\\\/icazalaw.com\\\/es\\\/#website\",\"url\":\"https:\\\/\\\/icazalaw.com\\\/es\\\/\",\"name\":\"Icaza, Gonz\u00e1lez-Ruiz &amp; Alem\u00e1n\",\"description\":\"Full-service law firm providing practical legal solutions to corporate and private clients worldwide.\",\"alternateName\":\"IGRA Attorneys\",\"potentialAction\":[{\"@type\":\"SearchAction\",\"target\":{\"@type\":\"EntryPoint\",\"urlTemplate\":\"https:\\\/\\\/icazalaw.com\\\/es\\\/?s={search_term_string}\"},\"query-input\":{\"@type\":\"PropertyValueSpecification\",\"valueRequired\":true,\"valueName\":\"search_term_string\"}}],\"inLanguage\":\"es\"}]}<\/script>\n<!-- \/ Yoast SEO Premium plugin. -->","yoast_head_json":{"title":"Domingo A. D\u00edaz S. - Icaza, Gonz\u00e1lez-Ruiz &amp; Alem\u00e1n","description":"Domingo A. D\u00edaz S. es socio de Icaza, Gonz\u00e1lez-Ruiz & Alem\u00e1n. Se especializa en Derecho Bancario, Derecho Corporativo...","robots":{"index":"index","follow":"follow","max-snippet":"max-snippet:-1","max-image-preview":"max-image-preview:large","max-video-preview":"max-video-preview:-1"},"canonical":"https:\/\/icazalaw.com\/es\/expertos\/domingo-a-diaz-s\/","og_locale":"es_ES","og_type":"article","og_title":"Domingo A. D\u00edaz S.","og_description":"Domingo A. D\u00edaz S. es socio de Icaza, Gonz\u00e1lez-Ruiz & Alem\u00e1n. Se especializa en Derecho Bancario, Derecho Corporativo...","og_url":"https:\/\/icazalaw.com\/es\/expertos\/domingo-a-diaz-s\/","og_site_name":"Icaza, Gonz\u00e1lez-Ruiz &amp; Alem\u00e1n","article_modified_time":"2025-10-30T16:19:51+00:00","twitter_card":"summary_large_image","schema":{"@context":"https:\/\/schema.org","@graph":[{"@type":"WebPage","@id":"https:\/\/icazalaw.com\/es\/expertos\/domingo-a-diaz-s\/","url":"https:\/\/icazalaw.com\/es\/expertos\/domingo-a-diaz-s\/","name":"Domingo A. D\u00edaz S. - Icaza, Gonz\u00e1lez-Ruiz &amp; Alem\u00e1n","isPartOf":{"@id":"https:\/\/icazalaw.com\/es\/#website"},"datePublished":"2023-10-15T00:12:06+00:00","dateModified":"2025-10-30T16:19:51+00:00","description":"Domingo A. D\u00edaz S. es socio de Icaza, Gonz\u00e1lez-Ruiz & Alem\u00e1n. Se especializa en Derecho Bancario, Derecho Corporativo...","breadcrumb":{"@id":"https:\/\/icazalaw.com\/es\/expertos\/domingo-a-diaz-s\/#breadcrumb"},"inLanguage":"es","potentialAction":[{"@type":"ReadAction","target":["https:\/\/icazalaw.com\/es\/expertos\/domingo-a-diaz-s\/"]}]},{"@type":"BreadcrumbList","@id":"https:\/\/icazalaw.com\/es\/expertos\/domingo-a-diaz-s\/#breadcrumb","itemListElement":[{"@type":"ListItem","position":1,"name":"Home","item":"https:\/\/icazalaw.com\/es\/"},{"@type":"ListItem","position":2,"name":"Expertos","item":"https:\/\/icazalaw.com\/es\/our-experts\/"},{"@type":"ListItem","position":3,"name":"Domingo A. D\u00edaz S."}]},{"@type":"WebSite","@id":"https:\/\/icazalaw.com\/es\/#website","url":"https:\/\/icazalaw.com\/es\/","name":"Icaza, Gonz\u00e1lez-Ruiz &amp; Alem\u00e1n","description":"Full-service law firm providing practical legal solutions to corporate and private clients worldwide.","alternateName":"IGRA Attorneys","potentialAction":[{"@type":"SearchAction","target":{"@type":"EntryPoint","urlTemplate":"https:\/\/icazalaw.com\/es\/?s={search_term_string}"},"query-input":{"@type":"PropertyValueSpecification","valueRequired":true,"valueName":"search_term_string"}}],"inLanguage":"es"}]}},"_links":{"self":[{"href":"https:\/\/icazalaw.com\/es\/wp-json\/wp\/v2\/pages\/2652","targetHints":{"allow":["GET"]}}],"collection":[{"href":"https:\/\/icazalaw.com\/es\/wp-json\/wp\/v2\/pages"}],"about":[{"href":"https:\/\/icazalaw.com\/es\/wp-json\/wp\/v2\/types\/page"}],"author":[{"embeddable":true,"href":"https:\/\/icazalaw.com\/es\/wp-json\/wp\/v2\/users\/1"}],"replies":[{"embeddable":true,"href":"https:\/\/icazalaw.com\/es\/wp-json\/wp\/v2\/comments?post=2652"}],"version-history":[{"count":1,"href":"https:\/\/icazalaw.com\/es\/wp-json\/wp\/v2\/pages\/2652\/revisions"}],"predecessor-version":[{"id":26367,"href":"https:\/\/icazalaw.com\/es\/wp-json\/wp\/v2\/pages\/2652\/revisions\/26367"}],"up":[{"embeddable":true,"href":"https:\/\/icazalaw.com\/es\/wp-json\/wp\/v2\/pages\/2621"}],"wp:attachment":[{"href":"https:\/\/icazalaw.com\/es\/wp-json\/wp\/v2\/media?parent=2652"}],"curies":[{"name":"wp","href":"https:\/\/api.w.org\/{rel}","templated":true}]}}