{"id":26723,"date":"2025-10-27T17:17:18","date_gmt":"2025-10-27T22:17:18","guid":{"rendered":"https:\/\/icazalaw.com\/?page_id=26723"},"modified":"2025-10-30T15:20:47","modified_gmt":"2025-10-30T20:20:47","slug":"alexandra-lasso-marin","status":"publish","type":"page","link":"https:\/\/icazalaw.com\/es\/expertos\/alexandra-lasso-marin\/","title":{"rendered":"Alexandra Lasso Mar\u00edn"},"content":{"rendered":"","protected":false},"excerpt":{"rendered":"","protected":false},"author":18,"featured_media":0,"parent":2621,"menu_order":0,"comment_status":"closed","ping_status":"closed","template":"","meta":{"_joinchat":[],"footnotes":""},"class_list":["post-26723","page","type-page","status-publish","hentry"],"yoast_head":"<!-- This site is optimized with the Yoast SEO Premium plugin v27.2 (Yoast SEO v27.4) - https:\/\/yoast.com\/product\/yoast-seo-premium-wordpress\/ -->\n<title>Alexandra Lasso Mar\u00edn - Icaza, Gonz\u00e1lez-Ruiz &amp; Alem\u00e1n<\/title>\n<meta name=\"robots\" content=\"index, follow, max-snippet:-1, max-image-preview:large, max-video-preview:-1\" \/>\n<link rel=\"canonical\" href=\"https:\/\/icazalaw.com\/es\/expertos\/alexandra-lasso-marin\/\" \/>\n<meta property=\"og:locale\" content=\"es_ES\" \/>\n<meta property=\"og:type\" content=\"article\" \/>\n<meta property=\"og:title\" content=\"Alexandra Lasso Mar\u00edn\" \/>\n<meta property=\"og:url\" content=\"https:\/\/icazalaw.com\/es\/expertos\/alexandra-lasso-marin\/\" \/>\n<meta property=\"og:site_name\" content=\"Icaza, Gonz\u00e1lez-Ruiz &amp; Alem\u00e1n\" \/>\n<meta property=\"article:modified_time\" content=\"2025-10-30T20:20:47+00:00\" \/>\n<meta name=\"twitter:card\" content=\"summary_large_image\" \/>\n<script type=\"application\/ld+json\" class=\"yoast-schema-graph\">{\"@context\":\"https:\\\/\\\/schema.org\",\"@graph\":[{\"@type\":\"WebPage\",\"@id\":\"https:\\\/\\\/icazalaw.com\\\/es\\\/expertos\\\/alexandra-lasso-marin\\\/\",\"url\":\"https:\\\/\\\/icazalaw.com\\\/es\\\/expertos\\\/alexandra-lasso-marin\\\/\",\"name\":\"Alexandra Lasso Mar\u00edn - Icaza, Gonz\u00e1lez-Ruiz &amp; Alem\u00e1n\",\"isPartOf\":{\"@id\":\"https:\\\/\\\/icazalaw.com\\\/es\\\/#website\"},\"datePublished\":\"2025-10-27T22:17:18+00:00\",\"dateModified\":\"2025-10-30T20:20:47+00:00\",\"breadcrumb\":{\"@id\":\"https:\\\/\\\/icazalaw.com\\\/es\\\/expertos\\\/alexandra-lasso-marin\\\/#breadcrumb\"},\"inLanguage\":\"es\",\"potentialAction\":[{\"@type\":\"ReadAction\",\"target\":[\"https:\\\/\\\/icazalaw.com\\\/es\\\/expertos\\\/alexandra-lasso-marin\\\/\"]}]},{\"@type\":\"BreadcrumbList\",\"@id\":\"https:\\\/\\\/icazalaw.com\\\/es\\\/expertos\\\/alexandra-lasso-marin\\\/#breadcrumb\",\"itemListElement\":[{\"@type\":\"ListItem\",\"position\":1,\"name\":\"Home\",\"item\":\"https:\\\/\\\/icazalaw.com\\\/es\\\/\"},{\"@type\":\"ListItem\",\"position\":2,\"name\":\"Expertos\",\"item\":\"https:\\\/\\\/icazalaw.com\\\/es\\\/our-experts\\\/\"},{\"@type\":\"ListItem\",\"position\":3,\"name\":\"Alexandra Lasso Mar\u00edn\"}]},{\"@type\":\"WebSite\",\"@id\":\"https:\\\/\\\/icazalaw.com\\\/es\\\/#website\",\"url\":\"https:\\\/\\\/icazalaw.com\\\/es\\\/\",\"name\":\"Icaza, Gonz\u00e1lez-Ruiz &amp; Alem\u00e1n\",\"description\":\"Full-service law firm providing practical legal solutions to corporate and private clients worldwide.\",\"alternateName\":\"IGRA Attorneys\",\"potentialAction\":[{\"@type\":\"SearchAction\",\"target\":{\"@type\":\"EntryPoint\",\"urlTemplate\":\"https:\\\/\\\/icazalaw.com\\\/es\\\/?s={search_term_string}\"},\"query-input\":{\"@type\":\"PropertyValueSpecification\",\"valueRequired\":true,\"valueName\":\"search_term_string\"}}],\"inLanguage\":\"es\"}]}<\/script>\n<!-- \/ Yoast SEO Premium plugin. -->","yoast_head_json":{"title":"Alexandra Lasso Mar\u00edn - Icaza, Gonz\u00e1lez-Ruiz &amp; Alem\u00e1n","robots":{"index":"index","follow":"follow","max-snippet":"max-snippet:-1","max-image-preview":"max-image-preview:large","max-video-preview":"max-video-preview:-1"},"canonical":"https:\/\/icazalaw.com\/es\/expertos\/alexandra-lasso-marin\/","og_locale":"es_ES","og_type":"article","og_title":"Alexandra Lasso Mar\u00edn","og_url":"https:\/\/icazalaw.com\/es\/expertos\/alexandra-lasso-marin\/","og_site_name":"Icaza, Gonz\u00e1lez-Ruiz &amp; Alem\u00e1n","article_modified_time":"2025-10-30T20:20:47+00:00","twitter_card":"summary_large_image","schema":{"@context":"https:\/\/schema.org","@graph":[{"@type":"WebPage","@id":"https:\/\/icazalaw.com\/es\/expertos\/alexandra-lasso-marin\/","url":"https:\/\/icazalaw.com\/es\/expertos\/alexandra-lasso-marin\/","name":"Alexandra Lasso Mar\u00edn - Icaza, Gonz\u00e1lez-Ruiz &amp; Alem\u00e1n","isPartOf":{"@id":"https:\/\/icazalaw.com\/es\/#website"},"datePublished":"2025-10-27T22:17:18+00:00","dateModified":"2025-10-30T20:20:47+00:00","breadcrumb":{"@id":"https:\/\/icazalaw.com\/es\/expertos\/alexandra-lasso-marin\/#breadcrumb"},"inLanguage":"es","potentialAction":[{"@type":"ReadAction","target":["https:\/\/icazalaw.com\/es\/expertos\/alexandra-lasso-marin\/"]}]},{"@type":"BreadcrumbList","@id":"https:\/\/icazalaw.com\/es\/expertos\/alexandra-lasso-marin\/#breadcrumb","itemListElement":[{"@type":"ListItem","position":1,"name":"Home","item":"https:\/\/icazalaw.com\/es\/"},{"@type":"ListItem","position":2,"name":"Expertos","item":"https:\/\/icazalaw.com\/es\/our-experts\/"},{"@type":"ListItem","position":3,"name":"Alexandra Lasso Mar\u00edn"}]},{"@type":"WebSite","@id":"https:\/\/icazalaw.com\/es\/#website","url":"https:\/\/icazalaw.com\/es\/","name":"Icaza, Gonz\u00e1lez-Ruiz &amp; Alem\u00e1n","description":"Full-service law firm providing practical legal solutions to corporate and private clients worldwide.","alternateName":"IGRA Attorneys","potentialAction":[{"@type":"SearchAction","target":{"@type":"EntryPoint","urlTemplate":"https:\/\/icazalaw.com\/es\/?s={search_term_string}"},"query-input":{"@type":"PropertyValueSpecification","valueRequired":true,"valueName":"search_term_string"}}],"inLanguage":"es"}]}},"_links":{"self":[{"href":"https:\/\/icazalaw.com\/es\/wp-json\/wp\/v2\/pages\/26723","targetHints":{"allow":["GET"]}}],"collection":[{"href":"https:\/\/icazalaw.com\/es\/wp-json\/wp\/v2\/pages"}],"about":[{"href":"https:\/\/icazalaw.com\/es\/wp-json\/wp\/v2\/types\/page"}],"author":[{"embeddable":true,"href":"https:\/\/icazalaw.com\/es\/wp-json\/wp\/v2\/users\/18"}],"replies":[{"embeddable":true,"href":"https:\/\/icazalaw.com\/es\/wp-json\/wp\/v2\/comments?post=26723"}],"version-history":[{"count":1,"href":"https:\/\/icazalaw.com\/es\/wp-json\/wp\/v2\/pages\/26723\/revisions"}],"predecessor-version":[{"id":26724,"href":"https:\/\/icazalaw.com\/es\/wp-json\/wp\/v2\/pages\/26723\/revisions\/26724"}],"up":[{"embeddable":true,"href":"https:\/\/icazalaw.com\/es\/wp-json\/wp\/v2\/pages\/2621"}],"wp:attachment":[{"href":"https:\/\/icazalaw.com\/es\/wp-json\/wp\/v2\/media?parent=26723"}],"curies":[{"name":"wp","href":"https:\/\/api.w.org\/{rel}","templated":true}]}}